{"id":82,"date":"2022-07-06T16:54:11","date_gmt":"2022-07-06T16:54:11","guid":{"rendered":"https:\/\/asesoresyconsultores.com.mx\/?page_id=82"},"modified":"2022-07-06T18:21:30","modified_gmt":"2022-07-06T18:21:30","slug":"quienes-somos","status":"publish","type":"page","link":"https:\/\/asesoresyconsultores.com.mx\/index.php\/quienes-somos\/","title":{"rendered":"Quienes Somos"},"content":{"rendered":"<p>[vc_row][vc_column width=&#8221;2\/3&#8243;][vc_column_text css=&#8221;.vc_custom_1657131563502{margin-bottom: 0px !important;}&#8221;]<\/p>\n<p>Somos un Consorcio Empresarial, orientada a la consultor\u00eda y la capacitaci\u00f3n, integrado por un grupo de profesionistas con especialidad en m\u00faltiples disciplinas, con capacidad para dise\u00f1ar e implantar soluciones en empresas, organizaciones y emprendedores del Sector Privado, as\u00ed como dependencias y entidades del Sector P\u00fablico.<\/p>\n<p>La experiencia y capacidad de nuestros integrantes, as\u00ed como la confianza de nuestros\u00a0 clientes, son los pilares que nos sustentan.<\/p>\n<p>[\/vc_column_text][\/vc_column][vc_column width=&#8221;1\/3&#8243;][vc_single_image image=&#8221;88&#8243;][\/vc_column][\/vc_row]<\/p>\n","protected":false},"excerpt":{"rendered":"<p>[vc_row][vc_column width=&#8221;2\/3&#8243;][vc_column_text css=&#8221;.vc_custom_1657131563502{margin-bottom: 0px !important;}&#8221;] Somos un Consorcio Empresarial, orientada a la consultor\u00eda y la capacitaci\u00f3n, integrado por un grupo de profesionistas con especialidad en m\u00faltiples disciplinas, con capacidad para dise\u00f1ar e implantar soluciones en empresas, organizaciones y emprendedores del Sector Privado, as\u00ed como dependencias y entidades del Sector P\u00fablico. [&hellip;]<\/p>\n","protected":false},"author":2,"featured_media":0,"parent":0,"menu_order":0,"comment_status":"closed","ping_status":"closed","template":"","meta":{"footnotes":""},"class_list":["post-82","page","type-page","status-publish","hentry"],"_links":{"self":[{"href":"https:\/\/asesoresyconsultores.com.mx\/index.php\/wp-json\/wp\/v2\/pages\/82","targetHints":{"allow":["GET"]}}],"collection":[{"href":"https:\/\/asesoresyconsultores.com.mx\/index.php\/wp-json\/wp\/v2\/pages"}],"about":[{"href":"https:\/\/asesoresyconsultores.com.mx\/index.php\/wp-json\/wp\/v2\/types\/page"}],"author":[{"embeddable":true,"href":"https:\/\/asesoresyconsultores.com.mx\/index.php\/wp-json\/wp\/v2\/users\/2"}],"replies":[{"embeddable":true,"href":"https:\/\/asesoresyconsultores.com.mx\/index.php\/wp-json\/wp\/v2\/comments?post=82"}],"version-history":[{"count":5,"href":"https:\/\/asesoresyconsultores.com.mx\/index.php\/wp-json\/wp\/v2\/pages\/82\/revisions"}],"predecessor-version":[{"id":114,"href":"https:\/\/asesoresyconsultores.com.mx\/index.php\/wp-json\/wp\/v2\/pages\/82\/revisions\/114"}],"wp:attachment":[{"href":"https:\/\/asesoresyconsultores.com.mx\/index.php\/wp-json\/wp\/v2\/media?parent=82"}],"curies":[{"name":"wp","href":"https:\/\/api.w.org\/{rel}","templated":true}]}}