{"id":133,"date":"2022-07-06T18:46:55","date_gmt":"2022-07-06T18:46:55","guid":{"rendered":"https:\/\/asesoresyconsultores.com.mx\/?page_id=133"},"modified":"2022-07-07T22:06:31","modified_gmt":"2022-07-07T22:06:31","slug":"porque-nosotros","status":"publish","type":"page","link":"https:\/\/asesoresyconsultores.com.mx\/index.php\/porque-nosotros\/","title":{"rendered":"Porqu\u00e9 nosotros"},"content":{"rendered":"<p>[vc_row][vc_column width=&#8221;1\/2&#8243;][vc_single_image image=&#8221;143&#8243; img_size=&#8221;large&#8221;][\/vc_column][vc_column width=&#8221;1\/2&#8243;][vc_column_text]<\/p>\n<h3><span style=\"color: #993300;\"><b>Nuestra filosof\u00eda<\/b><\/span><\/h3>\n<p>No nos limitamos solamente a proporcionar asesor\u00eda, sino que mantenemos una estrecha colaboraci\u00f3n con nuestros clientes, para monitorear la correcta y oportuna implementaci\u00f3n de las soluciones encontradas,\u00a0 asumiendo la corresponsabilidad de los resultados.[\/vc_column_text][\/vc_column][\/vc_row][vc_row][vc_column width=&#8221;1\/2&#8243;][vc_column_text]<\/p>\n<h3><span style=\"color: #993300;\"><b>Metodolog\u00eda<\/b><\/span><\/h3>\n<p>A trav\u00e9s de metodolog\u00edas actualizadas, probadas en organizaciones satisfechas, hemos logrado cristalizar las expectativas de nuestros clientes, consolidando procesos para asegurar su satisfacci\u00f3n y redituabilidad.[\/vc_column_text][\/vc_column][vc_column width=&#8221;1\/2&#8243;][vc_single_image image=&#8221;141&#8243; img_size=&#8221;large&#8221;][\/vc_column][\/vc_row][vc_row][vc_column width=&#8221;1\/2&#8243;][vc_single_image image=&#8221;142&#8243; img_size=&#8221;large&#8221;][\/vc_column][vc_column width=&#8221;1\/2&#8243;][vc_column_text]<\/p>\n<h3><span style=\"color: #993300;\"><b>Fortalezas<\/b><\/span><\/h3>\n<p>\u2713 <b>Subordinaci\u00f3n<\/b> al <b>inter\u00e9s<\/b> del cliente<\/p>\n<p>\u2713 Expertiz en asesor\u00eda profesional<\/p>\n<p>\u2713 <b>Obtenci\u00f3n<\/b> de resultados planeados<\/p>\n<p>\u2713 Eficiencia y eficacia<\/p>\n<p>\u2713 <b>\u00c9tica<\/b> profesional y humana<\/p>\n<p>\u2713 Excelencia en el servicio<\/p>\n<p>\u2713 <b>Generaci\u00f3n<\/b> de beneficios al cliente, por encima de su <b>inversi\u00f3n<\/b><\/p>\n<p>\u2713 <b>Vinculaci\u00f3n<\/b> con organismos certificadores[\/vc_column_text][\/vc_column][\/vc_row]<\/p>\n","protected":false},"excerpt":{"rendered":"<p>[vc_row][vc_column width=&#8221;1\/2&#8243;][vc_single_image image=&#8221;143&#8243; img_size=&#8221;large&#8221;][\/vc_column][vc_column width=&#8221;1\/2&#8243;][vc_column_text] Nuestra filosof\u00eda No nos limitamos solamente a proporcionar asesor\u00eda, sino que mantenemos una estrecha colaboraci\u00f3n con nuestros clientes, para monitorear la correcta y oportuna implementaci\u00f3n de las soluciones encontradas,\u00a0 asumiendo la corresponsabilidad de los resultados.[\/vc_column_text][\/vc_column][\/vc_row][vc_row][vc_column width=&#8221;1\/2&#8243;][vc_column_text] Metodolog\u00eda A trav\u00e9s de metodolog\u00edas actualizadas, probadas en organizaciones [&hellip;]<\/p>\n","protected":false},"author":2,"featured_media":0,"parent":0,"menu_order":0,"comment_status":"closed","ping_status":"closed","template":"","meta":{"footnotes":""},"class_list":["post-133","page","type-page","status-publish","hentry"],"_links":{"self":[{"href":"https:\/\/asesoresyconsultores.com.mx\/index.php\/wp-json\/wp\/v2\/pages\/133","targetHints":{"allow":["GET"]}}],"collection":[{"href":"https:\/\/asesoresyconsultores.com.mx\/index.php\/wp-json\/wp\/v2\/pages"}],"about":[{"href":"https:\/\/asesoresyconsultores.com.mx\/index.php\/wp-json\/wp\/v2\/types\/page"}],"author":[{"embeddable":true,"href":"https:\/\/asesoresyconsultores.com.mx\/index.php\/wp-json\/wp\/v2\/users\/2"}],"replies":[{"embeddable":true,"href":"https:\/\/asesoresyconsultores.com.mx\/index.php\/wp-json\/wp\/v2\/comments?post=133"}],"version-history":[{"count":10,"href":"https:\/\/asesoresyconsultores.com.mx\/index.php\/wp-json\/wp\/v2\/pages\/133\/revisions"}],"predecessor-version":[{"id":235,"href":"https:\/\/asesoresyconsultores.com.mx\/index.php\/wp-json\/wp\/v2\/pages\/133\/revisions\/235"}],"wp:attachment":[{"href":"https:\/\/asesoresyconsultores.com.mx\/index.php\/wp-json\/wp\/v2\/media?parent=133"}],"curies":[{"name":"wp","href":"https:\/\/api.w.org\/{rel}","templated":true}]}}